{"id":8,"date":"2024-09-25T11:35:55","date_gmt":"2024-09-25T11:35:55","guid":{"rendered":"https:\/\/aion-automation.pl\/?page_id=8"},"modified":"2025-03-30T20:50:06","modified_gmt":"2025-03-30T20:50:06","slug":"strona-glowna","status":"publish","type":"page","link":"https:\/\/aion-automation.pl\/","title":{"rendered":"Strona g\u0142\u00f3wna"},"content":{"rendered":"\t\t<div data-elementor-type=\"wp-page\" data-elementor-id=\"8\" class=\"elementor elementor-8\" data-elementor-post-type=\"page\">\n\t\t\t\t<div class=\"elementor-element elementor-element-3793b56 e-con-full e-flex e-con e-parent\" data-id=\"3793b56\" data-element_type=\"container\" data-settings=\"{&quot;background_background&quot;:&quot;classic&quot;}\">\n\t\t\t\t<div class=\"elementor-element elementor-element-702a5b5 elementor-widget elementor-widget-slider_revolution\" data-id=\"702a5b5\" data-element_type=\"widget\" data-widget_type=\"slider_revolution.default\">\n\t\t\t\t<div class=\"elementor-widget-container\">\n\t\t\t\n\t\t<div class=\"wp-block-themepunch-revslider\">\n\t\t\t\t<p class=\"rs-p-wp-fix\"><\/p>\n\t\t\t\t<sr7-module data-alias=\"creative-hero-collection1\" data-id=\"25\" id=\"SR7_25_1\" class=\"rs-respect-topbar rs-ov-hidden\" data-version=\"6.7.13\">\n\t\t\t\t\t<sr7-adjuster><\/sr7-adjuster>\n\t\t\t\t\t<sr7-content>\n\t\t\t\t\t\t<sr7-slide id=\"SR7_25_1-61\" data-key=\"61\">\n\t\t\t\t\t\t\t<sr7-txt id=\"SR7_25_1-61-2\" class=\"sr7-layer\">AION<\/sr7-txt>\n\t\t\t\t\t\t\t<sr7-txt id=\"SR7_25_1-61-3\" class=\"sr7-layer\">AUTOMATION<\/sr7-txt>\n\t\t\t\t\t\t\t<sr7-txt id=\"SR7_25_1-61-4\" class=\"sr7-layer\"><i class=\"pe-7s-bottom-arrow\"><\/i><\/sr7-txt>\n\t\t\t\t\t\t\t<sr7-txt id=\"SR7_25_1-61-10\" class=\"sr7-layer\">Automatyzacja proces\u00f3w biznesowych<\/sr7-txt>\n\t\t\t\t\t\t<\/sr7-slide>\n\t\t\t\t\t\t<sr7-slide id=\"SR7_25_1-59\" data-key=\"59\">\n\t\t\t\t\t\t\t<sr7-txt id=\"SR7_25_1-59-2\" class=\"sr7-layer\">MARKETING<\/sr7-txt>\n\t\t\t\t\t\t\t<sr7-txt id=\"SR7_25_1-59-3\" class=\"sr7-layer\">AION<\/sr7-txt>\n\t\t\t\t\t\t\t<sr7-txt id=\"SR7_25_1-59-10\" class=\"sr7-layer\">Data-driven <\/sr7-txt>\n\t\t\t\t\t\t\t<a id=\"SR7_25_1-59-15\" class=\"sr7-layer\" href=\"http:\/\/aion-marketing.pl\" target=\"_self\">Zobacz nasz\u0105 oferte <i class=\"fa-chevron-right\"><\/i><\/a>\n\t\t\t\t\t\t<\/sr7-slide>\n\t\t\t\t\t\t<sr7-slide id=\"SR7_25_1-60\" data-key=\"60\">\n\t\t\t\t\t\t\t<sr7-txt id=\"SR7_25_1-60-2\" class=\"sr7-layer\">CREATIVE<\/sr7-txt>\n\t\t\t\t\t\t\t<sr7-txt id=\"SR7_25_1-60-3\" class=\"sr7-layer\">Potential<\/sr7-txt>\n\t\t\t\t\t\t\t<sr7-txt id=\"SR7_25_1-60-6\" class=\"sr7-layer\">AIONFLOW<\/sr7-txt>\n\t\t\t\t\t\t\t<sr7-txt id=\"SR7_25_1-60-10\" class=\"sr7-layer\">SYSTEM CRM <BR>WSPOMAGANY<BR> SZTUCZN\u0104 INTELIGENCJ\u0104<\/sr7-txt>\n\t\t\t\t\t\t\t<a id=\"SR7_25_1-60-14\" class=\"sr7-layer\" href=\"https:\/\/aionflow.pl\" target=\"_self\">W TRAKCIE BUDOWY <i class=\"fa-chevron-right\"><\/i><\/a>\n\t\t\t\t\t\t<\/sr7-slide>\n\t\t\t\t\t\t<sr7-slide id=\"SR7_25_1-62\" data-key=\"62\">\n\t\t\t\t\t\t<\/sr7-slide>\n\t\t\t\t\t<\/sr7-content>\n\t\t\t\t<\/sr7-module>\n\t\t\t\t<script>\n\t\t\t\t\tSR7.PMH ??={}; SR7.PMH[\"SR7_25_1\"] = {cn:0,state:false,fn: function() { if (_tpt!==undefined && _tpt.prepareModuleHeight !== undefined) {  _tpt.prepareModuleHeight({id:\"SR7_25_1\",el:[900,900,768,960,720],type:'standard',shdw:'0',gh:[900,900,768,960,720],gw:[1240,1240,1024,778,480],vpt:['100px&#039;,&#039;100px&#039;,&#039;100px&#039;,&#039;100px&#039;,&#039;100px'],size:{fullWidth:true, fullHeight:true},fho:'#masthead,',mh:'0',onh:0,onw:0,bg:{color:'{\"orig\":\"transparent\",\"type\":\"solid\",\"string\":\"transparent\"}'}});   SR7.PMH[\"SR7_25_1\"].state=true;} else if((SR7.PMH[\"SR7_25_1\"].cn++)<100)\tsetTimeout( SR7.PMH[\"SR7_25_1\"].fn,19);}};SR7.PMH[\"SR7_25_1\" ].fn();\n\t\t\t\t<\/script>\n<\/div>\n\n\t\t\t\t<\/div>\n\t\t\t\t<\/div>\n\t\t\t\t<\/div>\n\t\t<div class=\"elementor-element elementor-element-95cdff0 e-flex e-con-boxed e-con e-parent\" data-id=\"95cdff0\" data-element_type=\"container\" data-settings=\"{&quot;background_background&quot;:&quot;classic&quot;}\">\n\t\t\t\t\t<div class=\"e-con-inner\">\n\t\t<div class=\"elementor-element elementor-element-702888a e-con-full e-flex e-con e-child\" data-id=\"702888a\" data-element_type=\"container\">\n\t\t\t\t<div class=\"elementor-element elementor-element-6c698a8 elementor-widget elementor-widget-heading\" data-id=\"6c698a8\" data-element_type=\"widget\" data-widget_type=\"heading.default\">\n\t\t\t\t<div class=\"elementor-widget-container\">\n\t\t\t<h2 class=\"elementor-heading-title elementor-size-default\">Nasz zesp\u00f3\u0142<\/h2>\t\t<\/div>\n\t\t\t\t<\/div>\n\t\t\t\t<\/div>\n\t\t<div class=\"elementor-element elementor-element-0339507 e-con-full e-flex e-con e-child\" data-id=\"0339507\" data-element_type=\"container\">\n\t\t\t\t<div class=\"elementor-element elementor-element-95472a5 elementor-position-top elementor-widget elementor-widget-image-box\" data-id=\"95472a5\" data-element_type=\"widget\" data-widget_type=\"image-box.default\">\n\t\t\t\t<div class=\"elementor-widget-container\">\n\t\t\t<div class=\"elementor-image-box-wrapper\"><figure class=\"elementor-image-box-img\"><img fetchpriority=\"high\" decoding=\"async\" width=\"2560\" height=\"2560\" src=\"https:\/\/aion-automation.pl\/wp-content\/uploads\/2024\/11\/127b521e-518c-4ab6-a10b-7546e966ced9-scaled.jpg\" class=\"attachment-full size-full wp-image-489\" alt=\"\" srcset=\"https:\/\/aion-automation.pl\/wp-content\/uploads\/2024\/11\/127b521e-518c-4ab6-a10b-7546e966ced9-scaled.jpg 2560w, https:\/\/aion-automation.pl\/wp-content\/uploads\/2024\/11\/127b521e-518c-4ab6-a10b-7546e966ced9-300x300.jpg 300w, https:\/\/aion-automation.pl\/wp-content\/uploads\/2024\/11\/127b521e-518c-4ab6-a10b-7546e966ced9-1024x1024.jpg 1024w, https:\/\/aion-automation.pl\/wp-content\/uploads\/2024\/11\/127b521e-518c-4ab6-a10b-7546e966ced9-150x150.jpg 150w, https:\/\/aion-automation.pl\/wp-content\/uploads\/2024\/11\/127b521e-518c-4ab6-a10b-7546e966ced9-768x768.jpg 768w, https:\/\/aion-automation.pl\/wp-content\/uploads\/2024\/11\/127b521e-518c-4ab6-a10b-7546e966ced9-1536x1536.jpg 1536w, https:\/\/aion-automation.pl\/wp-content\/uploads\/2024\/11\/127b521e-518c-4ab6-a10b-7546e966ced9-2048x2048.jpg 2048w\" sizes=\"(max-width: 2560px) 100vw, 2560px\" \/><\/figure><div class=\"elementor-image-box-content\"><h3 class=\"elementor-image-box-title\">Andrzej Niemiec<\/h3><p class=\"elementor-image-box-description\">Za\u0142o\u017cyciel oraz Node.js Developer<\/p><\/div><\/div>\t\t<\/div>\n\t\t\t\t<\/div>\n\t\t\t\t<\/div>\n\t\t<div class=\"elementor-element elementor-element-3823527 e-con-full e-flex e-con e-child\" data-id=\"3823527\" data-element_type=\"container\">\n\t\t\t\t<div class=\"elementor-element elementor-element-926609d elementor-position-top elementor-widget elementor-widget-image-box\" data-id=\"926609d\" data-element_type=\"widget\" data-widget_type=\"image-box.default\">\n\t\t\t\t<div class=\"elementor-widget-container\">\n\t\t\t<div class=\"elementor-image-box-wrapper\"><figure class=\"elementor-image-box-img\"><img decoding=\"async\" width=\"800\" height=\"800\" src=\"https:\/\/aion-automation.pl\/wp-content\/uploads\/2024\/11\/1-489-1.jpg\" class=\"attachment-large size-large wp-image-492\" alt=\"\" srcset=\"https:\/\/aion-automation.pl\/wp-content\/uploads\/2024\/11\/1-489-1.jpg 899w, https:\/\/aion-automation.pl\/wp-content\/uploads\/2024\/11\/1-489-1-300x300.jpg 300w, https:\/\/aion-automation.pl\/wp-content\/uploads\/2024\/11\/1-489-1-150x150.jpg 150w, https:\/\/aion-automation.pl\/wp-content\/uploads\/2024\/11\/1-489-1-768x768.jpg 768w\" sizes=\"(max-width: 800px) 100vw, 800px\" \/><\/figure><div class=\"elementor-image-box-content\"><h3 class=\"elementor-image-box-title\">Adam Kolat<\/h3><p class=\"elementor-image-box-description\">Frontend developer <\/p><\/div><\/div>\t\t<\/div>\n\t\t\t\t<\/div>\n\t\t\t\t<\/div>\n\t\t<div class=\"elementor-element elementor-element-2da8d20 e-con-full e-flex e-con e-child\" data-id=\"2da8d20\" data-element_type=\"container\">\n\t\t\t\t<div class=\"elementor-element elementor-element-30a1354 elementor-position-top elementor-widget elementor-widget-image-box\" data-id=\"30a1354\" data-element_type=\"widget\" data-widget_type=\"image-box.default\">\n\t\t\t\t<div class=\"elementor-widget-container\">\n\t\t\t<div class=\"elementor-image-box-wrapper\"><figure class=\"elementor-image-box-img\"><img decoding=\"async\" width=\"960\" height=\"958\" src=\"https:\/\/aion-automation.pl\/wp-content\/uploads\/2024\/11\/421104444_2225746977630273_6290317835982365188_n-1.jpg\" class=\"attachment-2048x2048 size-2048x2048 wp-image-490\" alt=\"\" srcset=\"https:\/\/aion-automation.pl\/wp-content\/uploads\/2024\/11\/421104444_2225746977630273_6290317835982365188_n-1.jpg 960w, https:\/\/aion-automation.pl\/wp-content\/uploads\/2024\/11\/421104444_2225746977630273_6290317835982365188_n-1-300x300.jpg 300w, https:\/\/aion-automation.pl\/wp-content\/uploads\/2024\/11\/421104444_2225746977630273_6290317835982365188_n-1-150x150.jpg 150w, https:\/\/aion-automation.pl\/wp-content\/uploads\/2024\/11\/421104444_2225746977630273_6290317835982365188_n-1-768x766.jpg 768w\" sizes=\"(max-width: 960px) 100vw, 960px\" \/><\/figure><div class=\"elementor-image-box-content\"><h3 class=\"elementor-image-box-title\">Artur Cecelon<\/h3><p class=\"elementor-image-box-description\">Specjalista ds. Automatyzacji<\/p><\/div><\/div>\t\t<\/div>\n\t\t\t\t<\/div>\n\t\t\t\t<\/div>\n\t\t\t\t\t<\/div>\n\t\t\t\t<\/div>\n\t\t<div class=\"elementor-element elementor-element-9ce2d24 e-flex e-con-boxed e-con e-parent\" data-id=\"9ce2d24\" data-element_type=\"container\" data-settings=\"{&quot;background_background&quot;:&quot;classic&quot;}\">\n\t\t\t\t\t<div class=\"e-con-inner\">\n\t\t<div class=\"elementor-element elementor-element-1e5b19f e-con-full e-flex e-con e-child\" data-id=\"1e5b19f\" data-element_type=\"container\">\n\t\t\t\t<div class=\"elementor-element elementor-element-5b04adb elementor-widget elementor-widget-heading\" data-id=\"5b04adb\" data-element_type=\"widget\" data-widget_type=\"heading.default\">\n\t\t\t\t<div class=\"elementor-widget-container\">\n\t\t\t<h2 class=\"elementor-heading-title elementor-size-default\">Nasze projekty<\/h2>\t\t<\/div>\n\t\t\t\t<\/div>\n\t\t\t\t<\/div>\n\t\t<div class=\"elementor-element elementor-element-6917305 e-con-full e-flex e-con e-child\" data-id=\"6917305\" data-element_type=\"container\">\n\t\t\t\t<div class=\"elementor-element elementor-element-bab19d1 elementor-cta--skin-cover elementor-animated-content elementor-bg-transform elementor-bg-transform-zoom-in elementor-widget elementor-widget-call-to-action\" data-id=\"bab19d1\" data-element_type=\"widget\" data-widget_type=\"call-to-action.default\">\n\t\t\t\t<div class=\"elementor-widget-container\">\n\t\t\t\t\t<a class=\"elementor-cta\" href=\"https:\/\/aion-marketing.pl\/\">\n\t\t\t\t\t<div class=\"elementor-cta__bg-wrapper\">\n\t\t\t\t<div class=\"elementor-cta__bg elementor-bg\" style=\"background-image: url();\" role=\"img\" aria-label=\"\"><\/div>\n\t\t\t\t<div class=\"elementor-cta__bg-overlay\"><\/div>\n\t\t\t<\/div>\n\t\t\t\t\t\t\t<div class=\"elementor-cta__content\">\n\t\t\t\t\t\t\t\t\t<div class=\"elementor-content-item elementor-cta__content-item elementor-cta__image elementor-animated-item--grow\">\n\t\t\t\t\t\t<img loading=\"lazy\" decoding=\"async\" width=\"150\" height=\"150\" src=\"https:\/\/aion-automation.pl\/wp-content\/uploads\/2024\/09\/cropped-3-1-150x150.png\" class=\"attachment-thumbnail size-thumbnail wp-image-328\" alt=\"\" srcset=\"https:\/\/aion-automation.pl\/wp-content\/uploads\/2024\/09\/cropped-3-1-150x150.png 150w, https:\/\/aion-automation.pl\/wp-content\/uploads\/2024\/09\/cropped-3-1-300x300.png 300w, https:\/\/aion-automation.pl\/wp-content\/uploads\/2024\/09\/cropped-3-1-270x270.png 270w, https:\/\/aion-automation.pl\/wp-content\/uploads\/2024\/09\/cropped-3-1-192x192.png 192w, https:\/\/aion-automation.pl\/wp-content\/uploads\/2024\/09\/cropped-3-1-180x180.png 180w, https:\/\/aion-automation.pl\/wp-content\/uploads\/2024\/09\/cropped-3-1-32x32.png 32w, https:\/\/aion-automation.pl\/wp-content\/uploads\/2024\/09\/cropped-3-1.png 512w\" sizes=\"(max-width: 150px) 100vw, 150px\" \/>\t\t\t\t\t<\/div>\n\t\t\t\t\n\t\t\t\t\t\t\t\t\t<h2 class=\"elementor-cta__title elementor-cta__content-item elementor-content-item elementor-animated-item--grow\">\n\t\t\t\t\t\tAion Marketing\t\t\t\t\t<\/h2>\n\t\t\t\t\n\t\t\t\t\t\t\t\t\t<div class=\"elementor-cta__description elementor-cta__content-item elementor-content-item elementor-animated-item--grow\">\n\t\t\t\t\t\tTw\u00f3j partner w marketingu opartym na danych. Tworzymy strategiczne kampanie reklamowe, kt\u00f3re maksymalizuj\u0105 efektywno\u015b\u0107, wykorzystuj\u0105c nowoczesne narz\u0119dzia analityczne i automatyzacj\u0119, aby dostarczy\u0107 wyniki na miar\u0119 Twojego biznesu.\t\t\t\t\t<\/div>\n\t\t\t\t\n\t\t\t\t\t\t\t\t\t<div class=\"elementor-cta__button-wrapper elementor-cta__content-item elementor-content-item elementor-animated-item--grow\">\n\t\t\t\t\t<span class=\"elementor-cta__button elementor-button elementor-size-\">\n\t\t\t\t\t\tSprawd\u017a\t\t\t\t\t<\/span>\n\t\t\t\t\t<\/div>\n\t\t\t\t\t\t\t<\/div>\n\t\t\t\t\t\t<\/a>\n\t\t\t\t<\/div>\n\t\t\t\t<\/div>\n\t\t\t\t<\/div>\n\t\t<div class=\"elementor-element elementor-element-7990e55 e-con-full e-flex e-con e-child\" data-id=\"7990e55\" data-element_type=\"container\">\n\t\t\t\t<div class=\"elementor-element elementor-element-0f3dcf9 elementor-cta--skin-cover elementor-animated-content elementor-bg-transform elementor-bg-transform-zoom-in elementor-widget elementor-widget-call-to-action\" data-id=\"0f3dcf9\" data-element_type=\"widget\" data-widget_type=\"call-to-action.default\">\n\t\t\t\t<div class=\"elementor-widget-container\">\n\t\t\t\t\t<div class=\"elementor-cta\">\n\t\t\t\t\t<div class=\"elementor-cta__bg-wrapper\">\n\t\t\t\t<div class=\"elementor-cta__bg elementor-bg\" style=\"background-image: url();\" role=\"img\" aria-label=\"\"><\/div>\n\t\t\t\t<div class=\"elementor-cta__bg-overlay\"><\/div>\n\t\t\t<\/div>\n\t\t\t\t\t\t\t<div class=\"elementor-cta__content\">\n\t\t\t\t\t\t\t\t\t<div class=\"elementor-content-item elementor-cta__content-item elementor-cta__image elementor-animated-item--grow\">\n\t\t\t\t\t\t<img loading=\"lazy\" decoding=\"async\" width=\"150\" height=\"150\" src=\"https:\/\/aion-automation.pl\/wp-content\/uploads\/2024\/09\/cropped-1-1-150x150.png\" class=\"attachment-thumbnail size-thumbnail wp-image-326\" alt=\"\" srcset=\"https:\/\/aion-automation.pl\/wp-content\/uploads\/2024\/09\/cropped-1-1-150x150.png 150w, https:\/\/aion-automation.pl\/wp-content\/uploads\/2024\/09\/cropped-1-1-300x300.png 300w, https:\/\/aion-automation.pl\/wp-content\/uploads\/2024\/09\/cropped-1-1-270x270.png 270w, https:\/\/aion-automation.pl\/wp-content\/uploads\/2024\/09\/cropped-1-1-192x192.png 192w, https:\/\/aion-automation.pl\/wp-content\/uploads\/2024\/09\/cropped-1-1-180x180.png 180w, https:\/\/aion-automation.pl\/wp-content\/uploads\/2024\/09\/cropped-1-1-32x32.png 32w, https:\/\/aion-automation.pl\/wp-content\/uploads\/2024\/09\/cropped-1-1.png 512w\" sizes=\"(max-width: 150px) 100vw, 150px\" \/>\t\t\t\t\t<\/div>\n\t\t\t\t\n\t\t\t\t\t\t\t\t\t<h2 class=\"elementor-cta__title elementor-cta__content-item elementor-content-item elementor-animated-item--grow\">\n\t\t\t\t\t\tAionflow\t\t\t\t\t<\/h2>\n\t\t\t\t\n\t\t\t\t\t\t\t\t\t<div class=\"elementor-cta__description elementor-cta__content-item elementor-content-item elementor-animated-item--grow\">\n\t\t\t\t\t\tNarz\u0119dzie, kt\u00f3re pozwala stworzy\u0107 dedykowanego asystenta AI dla firm e-commerce. Umo\u017cliwia zarz\u0105dzanie danymi o klientach, produktach i zam\u00f3wieniach, a tak\u017ce automatyzuje komunikacj\u0119 na r\u00f3\u017cnych kana\u0142ach\t\t\t\t\t<\/div>\n\t\t\t\t\n\t\t\t\t\t\t\t\t\t<div class=\"elementor-cta__button-wrapper elementor-cta__content-item elementor-content-item elementor-animated-item--grow\">\n\t\t\t\t\t<a class=\"elementor-cta__button elementor-button elementor-size-\" href=\"https:\/\/aionflow.pl\/\">\n\t\t\t\t\t\tW trakcie budowy\t\t\t\t\t<\/a>\n\t\t\t\t\t<\/div>\n\t\t\t\t\t\t\t<\/div>\n\t\t\t\t\t\t<\/div>\n\t\t\t\t<\/div>\n\t\t\t\t<\/div>\n\t\t\t\t<\/div>\n\t\t\t\t\t<\/div>\n\t\t\t\t<\/div>\n\t\t\t\t<\/div>\n\t\t","protected":false},"excerpt":{"rendered":"<p>Nasz zesp\u00f3\u0142 Andrzej Niemiec Za\u0142o\u017cyciel oraz Node.js Developer Adam Kolat Frontend developer Artur Cecelon Specjalista ds. Automatyzacji Nasze projekty Aion Marketing Tw\u00f3j partner w marketingu opartym na danych. Tworzymy strategiczne kampanie reklamowe, kt\u00f3re maksymalizuj\u0105 efektywno\u015b\u0107, wykorzystuj\u0105c nowoczesne narz\u0119dzia analityczne i automatyzacj\u0119, aby dostarczy\u0107 wyniki na miar\u0119 Twojego biznesu. Sprawd\u017a Aionflow Narz\u0119dzie, kt\u00f3re pozwala stworzy\u0107 dedykowanego [&hellip;]<\/p>\n","protected":false},"author":1,"featured_media":0,"parent":0,"menu_order":0,"comment_status":"closed","ping_status":"closed","template":"","meta":{"footnotes":""},"class_list":["post-8","page","type-page","status-publish","hentry"],"yoast_head":"<!-- This site is optimized with the Yoast SEO plugin v23.5 - https:\/\/yoast.com\/wordpress\/plugins\/seo\/ -->\n<title>Strona g\u0142\u00f3wna - Aion Automation<\/title>\n<meta name=\"description\" content=\"Poznaj innowacyjne rozwi\u0105zania automatyzacji z Aion Automation. Optymalizujemy procesy biznesowe, zwi\u0119kszaj\u0105c efektywno\u015b\u0107 i konkurencyjno\u015b\u0107 Twojej firmy\" \/>\n<meta name=\"robots\" content=\"index, follow, max-snippet:-1, max-image-preview:large, max-video-preview:-1\" \/>\n<link rel=\"canonical\" href=\"https:\/\/aion-automation.pl\/\" \/>\n<meta property=\"og:locale\" content=\"pl_PL\" \/>\n<meta property=\"og:type\" content=\"article\" \/>\n<meta property=\"og:title\" content=\"Strona g\u0142\u00f3wna - Aion Automation\" \/>\n<meta property=\"og:description\" content=\"Poznaj innowacyjne rozwi\u0105zania automatyzacji z Aion Automation. Optymalizujemy procesy biznesowe, zwi\u0119kszaj\u0105c efektywno\u015b\u0107 i konkurencyjno\u015b\u0107 Twojej firmy\" \/>\n<meta property=\"og:url\" content=\"https:\/\/aion-automation.pl\/\" \/>\n<meta property=\"og:site_name\" content=\"Aion Automation\" \/>\n<meta property=\"article:modified_time\" content=\"2025-03-30T20:50:06+00:00\" \/>\n<meta property=\"og:image\" content=\"https:\/\/aion-automation.pl\/wp-content\/uploads\/2024\/11\/127b521e-518c-4ab6-a10b-7546e966ced9-scaled.jpg\" \/>\n<meta name=\"twitter:card\" content=\"summary_large_image\" \/>\n<meta name=\"twitter:label1\" content=\"Szacowany czas czytania\" \/>\n\t<meta name=\"twitter:data1\" content=\"2 minuty\" \/>\n<script type=\"application\/ld+json\" class=\"yoast-schema-graph\">{\"@context\":\"https:\/\/schema.org\",\"@graph\":[{\"@type\":\"WebPage\",\"@id\":\"https:\/\/aion-automation.pl\/\",\"url\":\"https:\/\/aion-automation.pl\/\",\"name\":\"Strona g\u0142\u00f3wna - Aion Automation\",\"isPartOf\":{\"@id\":\"https:\/\/aion-automation.pl\/#website\"},\"primaryImageOfPage\":{\"@id\":\"https:\/\/aion-automation.pl\/#primaryimage\"},\"image\":{\"@id\":\"https:\/\/aion-automation.pl\/#primaryimage\"},\"thumbnailUrl\":\"https:\/\/aion-automation.pl\/wp-content\/uploads\/2024\/11\/127b521e-518c-4ab6-a10b-7546e966ced9-scaled.jpg\",\"datePublished\":\"2024-09-25T11:35:55+00:00\",\"dateModified\":\"2025-03-30T20:50:06+00:00\",\"description\":\"Poznaj innowacyjne rozwi\u0105zania automatyzacji z Aion Automation. Optymalizujemy procesy biznesowe, zwi\u0119kszaj\u0105c efektywno\u015b\u0107 i konkurencyjno\u015b\u0107 Twojej firmy\",\"breadcrumb\":{\"@id\":\"https:\/\/aion-automation.pl\/#breadcrumb\"},\"inLanguage\":\"pl-PL\",\"potentialAction\":[{\"@type\":\"ReadAction\",\"target\":[\"https:\/\/aion-automation.pl\/\"]}]},{\"@type\":\"ImageObject\",\"inLanguage\":\"pl-PL\",\"@id\":\"https:\/\/aion-automation.pl\/#primaryimage\",\"url\":\"https:\/\/aion-automation.pl\/wp-content\/uploads\/2024\/11\/127b521e-518c-4ab6-a10b-7546e966ced9-scaled.jpg\",\"contentUrl\":\"https:\/\/aion-automation.pl\/wp-content\/uploads\/2024\/11\/127b521e-518c-4ab6-a10b-7546e966ced9-scaled.jpg\",\"width\":2560,\"height\":2560},{\"@type\":\"BreadcrumbList\",\"@id\":\"https:\/\/aion-automation.pl\/#breadcrumb\",\"itemListElement\":[{\"@type\":\"ListItem\",\"position\":1,\"name\":\"Strona g\u0142\u00f3wna\",\"item\":\"https:\/\/aion-automation.pl\/\"},{\"@type\":\"ListItem\",\"position\":2,\"name\":\"Strona g\u0142\u00f3wna\"}]},{\"@type\":\"WebSite\",\"@id\":\"https:\/\/aion-automation.pl\/#website\",\"url\":\"https:\/\/aion-automation.pl\/\",\"name\":\"Aion Automation\",\"description\":\"\",\"publisher\":{\"@id\":\"https:\/\/aion-automation.pl\/#organization\"},\"potentialAction\":[{\"@type\":\"SearchAction\",\"target\":{\"@type\":\"EntryPoint\",\"urlTemplate\":\"https:\/\/aion-automation.pl\/?s={search_term_string}\"},\"query-input\":{\"@type\":\"PropertyValueSpecification\",\"valueRequired\":true,\"valueName\":\"search_term_string\"}}],\"inLanguage\":\"pl-PL\"},{\"@type\":\"Organization\",\"@id\":\"https:\/\/aion-automation.pl\/#organization\",\"name\":\"Aion Automation\",\"url\":\"https:\/\/aion-automation.pl\/\",\"logo\":{\"@type\":\"ImageObject\",\"inLanguage\":\"pl-PL\",\"@id\":\"https:\/\/aion-automation.pl\/#\/schema\/logo\/image\/\",\"url\":\"https:\/\/aion-automation.pl\/wp-content\/uploads\/2024\/09\/2-1.png\",\"contentUrl\":\"https:\/\/aion-automation.pl\/wp-content\/uploads\/2024\/09\/2-1.png\",\"width\":500,\"height\":271,\"caption\":\"Aion Automation\"},\"image\":{\"@id\":\"https:\/\/aion-automation.pl\/#\/schema\/logo\/image\/\"}}]}<\/script>\n<!-- \/ Yoast SEO plugin. -->","yoast_head_json":{"title":"Strona g\u0142\u00f3wna - Aion Automation","description":"Poznaj innowacyjne rozwi\u0105zania automatyzacji z Aion Automation. Optymalizujemy procesy biznesowe, zwi\u0119kszaj\u0105c efektywno\u015b\u0107 i konkurencyjno\u015b\u0107 Twojej firmy","robots":{"index":"index","follow":"follow","max-snippet":"max-snippet:-1","max-image-preview":"max-image-preview:large","max-video-preview":"max-video-preview:-1"},"canonical":"https:\/\/aion-automation.pl\/","og_locale":"pl_PL","og_type":"article","og_title":"Strona g\u0142\u00f3wna - Aion Automation","og_description":"Poznaj innowacyjne rozwi\u0105zania automatyzacji z Aion Automation. Optymalizujemy procesy biznesowe, zwi\u0119kszaj\u0105c efektywno\u015b\u0107 i konkurencyjno\u015b\u0107 Twojej firmy","og_url":"https:\/\/aion-automation.pl\/","og_site_name":"Aion Automation","article_modified_time":"2025-03-30T20:50:06+00:00","og_image":[{"url":"https:\/\/aion-automation.pl\/wp-content\/uploads\/2024\/11\/127b521e-518c-4ab6-a10b-7546e966ced9-scaled.jpg"}],"twitter_card":"summary_large_image","twitter_misc":{"Szacowany czas czytania":"2 minuty"},"schema":{"@context":"https:\/\/schema.org","@graph":[{"@type":"WebPage","@id":"https:\/\/aion-automation.pl\/","url":"https:\/\/aion-automation.pl\/","name":"Strona g\u0142\u00f3wna - Aion Automation","isPartOf":{"@id":"https:\/\/aion-automation.pl\/#website"},"primaryImageOfPage":{"@id":"https:\/\/aion-automation.pl\/#primaryimage"},"image":{"@id":"https:\/\/aion-automation.pl\/#primaryimage"},"thumbnailUrl":"https:\/\/aion-automation.pl\/wp-content\/uploads\/2024\/11\/127b521e-518c-4ab6-a10b-7546e966ced9-scaled.jpg","datePublished":"2024-09-25T11:35:55+00:00","dateModified":"2025-03-30T20:50:06+00:00","description":"Poznaj innowacyjne rozwi\u0105zania automatyzacji z Aion Automation. Optymalizujemy procesy biznesowe, zwi\u0119kszaj\u0105c efektywno\u015b\u0107 i konkurencyjno\u015b\u0107 Twojej firmy","breadcrumb":{"@id":"https:\/\/aion-automation.pl\/#breadcrumb"},"inLanguage":"pl-PL","potentialAction":[{"@type":"ReadAction","target":["https:\/\/aion-automation.pl\/"]}]},{"@type":"ImageObject","inLanguage":"pl-PL","@id":"https:\/\/aion-automation.pl\/#primaryimage","url":"https:\/\/aion-automation.pl\/wp-content\/uploads\/2024\/11\/127b521e-518c-4ab6-a10b-7546e966ced9-scaled.jpg","contentUrl":"https:\/\/aion-automation.pl\/wp-content\/uploads\/2024\/11\/127b521e-518c-4ab6-a10b-7546e966ced9-scaled.jpg","width":2560,"height":2560},{"@type":"BreadcrumbList","@id":"https:\/\/aion-automation.pl\/#breadcrumb","itemListElement":[{"@type":"ListItem","position":1,"name":"Strona g\u0142\u00f3wna","item":"https:\/\/aion-automation.pl\/"},{"@type":"ListItem","position":2,"name":"Strona g\u0142\u00f3wna"}]},{"@type":"WebSite","@id":"https:\/\/aion-automation.pl\/#website","url":"https:\/\/aion-automation.pl\/","name":"Aion Automation","description":"","publisher":{"@id":"https:\/\/aion-automation.pl\/#organization"},"potentialAction":[{"@type":"SearchAction","target":{"@type":"EntryPoint","urlTemplate":"https:\/\/aion-automation.pl\/?s={search_term_string}"},"query-input":{"@type":"PropertyValueSpecification","valueRequired":true,"valueName":"search_term_string"}}],"inLanguage":"pl-PL"},{"@type":"Organization","@id":"https:\/\/aion-automation.pl\/#organization","name":"Aion Automation","url":"https:\/\/aion-automation.pl\/","logo":{"@type":"ImageObject","inLanguage":"pl-PL","@id":"https:\/\/aion-automation.pl\/#\/schema\/logo\/image\/","url":"https:\/\/aion-automation.pl\/wp-content\/uploads\/2024\/09\/2-1.png","contentUrl":"https:\/\/aion-automation.pl\/wp-content\/uploads\/2024\/09\/2-1.png","width":500,"height":271,"caption":"Aion Automation"},"image":{"@id":"https:\/\/aion-automation.pl\/#\/schema\/logo\/image\/"}}]}},"_links":{"self":[{"href":"https:\/\/aion-automation.pl\/index.php?rest_route=\/wp\/v2\/pages\/8","targetHints":{"allow":["GET"]}}],"collection":[{"href":"https:\/\/aion-automation.pl\/index.php?rest_route=\/wp\/v2\/pages"}],"about":[{"href":"https:\/\/aion-automation.pl\/index.php?rest_route=\/wp\/v2\/types\/page"}],"author":[{"embeddable":true,"href":"https:\/\/aion-automation.pl\/index.php?rest_route=\/wp\/v2\/users\/1"}],"replies":[{"embeddable":true,"href":"https:\/\/aion-automation.pl\/index.php?rest_route=%2Fwp%2Fv2%2Fcomments&post=8"}],"version-history":[{"count":91,"href":"https:\/\/aion-automation.pl\/index.php?rest_route=\/wp\/v2\/pages\/8\/revisions"}],"predecessor-version":[{"id":512,"href":"https:\/\/aion-automation.pl\/index.php?rest_route=\/wp\/v2\/pages\/8\/revisions\/512"}],"wp:attachment":[{"href":"https:\/\/aion-automation.pl\/index.php?rest_route=%2Fwp%2Fv2%2Fmedia&parent=8"}],"curies":[{"name":"wp","href":"https:\/\/api.w.org\/{rel}","templated":true}]}}